{"id":27,"date":"2025-08-10T20:53:10","date_gmt":"2025-08-10T18:53:10","guid":{"rendered":"http:\/\/pruebas.arspa.com.co\/?page_id=27"},"modified":"2026-01-07T07:31:39","modified_gmt":"2026-01-07T12:31:39","slug":"promociones","status":"publish","type":"page","link":"https:\/\/www.arspa.com.co\/en\/promociones\/","title":{"rendered":"Promotions"},"content":{"rendered":"<p>[et_pb_section fb_built=&#8221;1&#8243; fullwidth=&#8221;on&#8221; _builder_version=&#8221;4.27.4&#8243; _module_preset=&#8221;default&#8221; global_colors_info=&#8221;{}&#8221;][et_pb_fullwidth_slider _builder_version=&#8221;4.27.4&#8243; _module_preset=&#8221;default&#8221; header_font=&#8221;|600||on|||||&#8221; header_text_align=&#8221;left&#8221; header_font_size=&#8221;0.9vw&#8221; header_letter_spacing=&#8221;1px&#8221; header_line_height=&#8221;1.2em&#8221; body_font=&#8221;Cormorant Garamond|300|||||||&#8221; body_text_align=&#8221;left&#8221; body_font_size=&#8221;4vw&#8221; body_line_height=&#8221;1em&#8221; custom_button=&#8221;on&#8221; button_text_size=&#8221;0.7vw&#8221; button_border_radius=&#8221;3px&#8221; button_letter_spacing=&#8221;2px&#8221; button_font=&#8221;Open Sans|700||on|||||&#8221; button_alignment=&#8221;left&#8221; button_custom_padding=&#8221;10px|30px|10px|20px|true|false&#8221; min_height=&#8221;60vh&#8221; min_height_tablet=&#8221;60vh&#8221; min_height_phone=&#8221;60vh&#8221; min_height_last_edited=&#8221;on|desktop&#8221; header_font_size_tablet=&#8221;2.2vw&#8221; header_font_size_phone=&#8221;4vw&#8221; header_font_size_last_edited=&#8221;on|desktop&#8221; body_font_size_tablet=&#8221;8vw&#8221; body_font_size_phone=&#8221;11vw&#8221; body_font_size_last_edited=&#8221;on|phone&#8221; button_text_size_tablet=&#8221;1.8vw&#8221; button_text_size_phone=&#8221;2.5vw&#8221; button_text_size_last_edited=&#8221;on|phone&#8221; global_colors_info=&#8221;{}&#8221;][et_pb_slide heading=&#8221;Spa &#038; Wellness&#8221; button_text=&#8221;contactar a un asesor&#8221; button_link=&#8221;https:\/\/api.whatsapp.com\/send\/?phone=573187166636&#038;text&#038;type=phone_number&#038;app_absent=0&#8243; url_new_window=&#8221;on&#8221; _builder_version=&#8221;4.27.4&#8243; _dynamic_attributes=&#8221;content&#8221; _module_preset=&#8221;default&#8221; background_enable_color=&#8221;off&#8221; use_background_color_gradient=&#8221;on&#8221; background_color_gradient_stops=&#8221;rgba(44,42,39,0.6) 0%|rgba(44,42,39,0.6) 100%&#8221; background_color_gradient_overlays_image=&#8221;on&#8221; background_image=&#8221;https:\/\/arspa.com.co\/wp-content\/uploads\/2025\/08\/AR-Spa-Slider-4.jpg&#8221; background_enable_image=&#8221;on&#8221; parallax=&#8221;on&#8221; custom_button=&#8221;on&#8221; global_colors_info=&#8221;{}&#8221; sticky_transition=&#8221;on&#8221;]@ET-DC@eyJkeW5hbWljIjp0cnVlLCJjb250ZW50IjoicG9zdF90aXRsZSIsInNldHRpbmdzIjp7ImJlZm9yZSI6IiIsImFmdGVyIjoiIn19@[\/et_pb_slide][\/et_pb_fullwidth_slider][\/et_pb_section][et_pb_section fb_built=&#8221;1&#8243; admin_label=&#8221;Services&#8221; _builder_version=&#8221;4.27.4&#8243; _module_preset=&#8221;default&#8221; background_color=&#8221;gcid-fc7afca1-7302-4e55-829d-3d445387c282&#8243; custom_padding=&#8221;90px||90px||true|false&#8221; locked=&#8221;off&#8221; collapsed=&#8221;on&#8221; global_colors_info=&#8221;{%22gcid-fc7afca1-7302-4e55-829d-3d445387c282%22:%91%22background_color%22%93}&#8221;][et_pb_row column_structure=&#8221;1_2,1_2&#8243; _builder_version=&#8221;4.27.4&#8243; _module_preset=&#8221;default&#8221; global_colors_info=&#8221;{}&#8221;][et_pb_column type=&#8221;1_2&#8243; _builder_version=&#8221;4.23.2&#8243; _module_preset=&#8221;default&#8221; global_colors_info=&#8221;{}&#8221;][et_pb_image src=&#8221;https:\/\/arspa.com.co\/wp-content\/uploads\/2025\/08\/Espacios-18-1-scaled.jpg&#8221; title_text=&#8221;Espacios-18&#8243; force_fullwidth=&#8221;on&#8221; _builder_version=&#8221;4.27.4&#8243; _module_preset=&#8221;default&#8221; height=&#8221;297px&#8221; custom_margin=&#8221;||20px||false|false&#8221; global_colors_info=&#8221;{}&#8221;][\/et_pb_image][et_pb_text _builder_version=&#8221;4.27.4&#8243; _module_preset=&#8221;e34a7585-2e38-4264-9c2b-fc1aecfe3366&#8243; text_font=&#8221;Cormorant Garamond||||||||&#8221; header_2_font=&#8221;Cormorant Garamond|500|||||||&#8221; header_2_text_color=&#8221;gcid-3c3581c1-f373-4686-aa51-f9f01c8ffd79&#8243; header_2_font_size=&#8221;56px&#8221; header_2_line_height=&#8221;1.1em&#8221; header_3_font_size=&#8221;40px&#8221; custom_margin=&#8221;||10px||false|false&#8221; custom_padding=&#8221;10px||10px||true|false&#8221; header_2_font_size_tablet=&#8221;40px&#8221; header_2_font_size_phone=&#8221;35px&#8221; header_2_font_size_last_edited=&#8221;on|phone&#8221; header_3_font_size_tablet=&#8221;40px&#8221; header_3_font_size_phone=&#8221;36px&#8221; header_3_font_size_last_edited=&#8221;on|tablet&#8221; global_colors_info=&#8221;{%22gcid-3c3581c1-f373-4686-aa51-f9f01c8ffd79%22:%91%22header_2_text_color%22,%22header_2_text_color%22,%22header_2_text_color%22,%22header_2_text_color%22%93}&#8221;]<\/p>\n<h3>Lunes circuito h\u00eddrico 50% off<\/h3>\n<p>[\/et_pb_text][et_pb_text _builder_version=&#8221;4.27.4&#8243; _module_preset=&#8221;e57c6319-26f3-4258-a0db-38a5226c78c6&#8243; text_text_color=&#8221;gcid-75f8feef-8e89-48de-a593-3e169dc48f01&#8243; header_2_font=&#8221;Inter|200|||||||&#8221; header_2_text_color=&#8221;gcid-2671d2a9-5b0c-4751-b415-eea0a6ed176e&#8221; header_2_font_size=&#8221;24px&#8221; hover_enabled=&#8221;0&#8243; text_font_size_tablet=&#8221;&#8221; text_font_size_phone=&#8221;&#8221; text_font_size_last_edited=&#8221;on|phone&#8221; global_colors_info=&#8221;{%22gcid-75f8feef-8e89-48de-a593-3e169dc48f01%22:%91%22text_text_color%22%93,%22gcid-2671d2a9-5b0c-4751-b415-eea0a6ed176e%22:%91%22header_2_text_color%22%93}&#8221; sticky_enabled=&#8221;0&#8243;]<\/p>\n<p>Disfruta nuestro circuito h\u00eddrico los lunes no festivos un 50% off. La promoci\u00f3n aplica \u00fanicamente para reservas telef\u00f3nicas y WhatsApp.<\/p>\n<h2>$114.950<\/h2>\n<p><strong><s>$229.900<\/s><\/strong><\/p>\n<p>[\/et_pb_text][et_pb_button button_url=&#8221;https:\/\/wa.link\/w9z0a7&#8243; url_new_window=&#8221;on&#8221; button_text=&#8221;Ver m\u00e1s&#8221; _builder_version=&#8221;4.27.4&#8243; _module_preset=&#8221;2fc0eb3a-b17f-4677-a77f-8c42788063a0&#8243; button_text_color=&#8221;gcid-2671d2a9-5b0c-4751-b415-eea0a6ed176e&#8221; button_bg_color=&#8221;RGBA(255,255,255,0)&#8221; button_border_width=&#8221;2px&#8221; button_border_color=&#8221;gcid-2671d2a9-5b0c-4751-b415-eea0a6ed176e&#8221; custom_margin=&#8221;20px||||false|false&#8221; button_text_size_tablet=&#8221;12px&#8221; button_text_size_phone=&#8221;11px&#8221; button_text_size_last_edited=&#8221;on|tablet&#8221; box_shadow_style=&#8221;none&#8221; locked=&#8221;off&#8221; global_colors_info=&#8221;{%22gcid-33ba488a-a977-4fcb-9562-ca062f22498f%22:%91%22button_bg_color%22,%22button_bg_color%22,%22button_bg_color%22,%22button_bg_color%22%93,%22gcid-2671d2a9-5b0c-4751-b415-eea0a6ed176e%22:%91%22button_text_color%22,%22button_border_color%22,%22button_text_color%22,%22button_border_color%22%93}&#8221;][\/et_pb_button][\/et_pb_column][et_pb_column type=&#8221;1_2&#8243; _builder_version=&#8221;4.23.2&#8243; _module_preset=&#8221;default&#8221; global_colors_info=&#8221;{}&#8221;][et_pb_image src=&#8221;https:\/\/arspa.com.co\/wp-content\/uploads\/2025\/08\/shutterstock_171623279-scaledx.jpg&#8221; title_text=&#8221;shutterstock_171623279-scaledx&#8221; force_fullwidth=&#8221;on&#8221; _builder_version=&#8221;4.27.4&#8243; _module_preset=&#8221;default&#8221; custom_margin=&#8221;||20px||false|false&#8221; global_colors_info=&#8221;{}&#8221;][\/et_pb_image][et_pb_text _builder_version=&#8221;4.27.4&#8243; _module_preset=&#8221;e34a7585-2e38-4264-9c2b-fc1aecfe3366&#8243; text_font=&#8221;Cormorant Garamond||||||||&#8221; header_2_font=&#8221;Cormorant Garamond|500|||||||&#8221; header_2_text_color=&#8221;gcid-3c3581c1-f373-4686-aa51-f9f01c8ffd79&#8243; header_2_font_size=&#8221;56px&#8221; header_2_line_height=&#8221;1.1em&#8221; header_3_font_size=&#8221;44px&#8221; custom_margin=&#8221;||10px||false|false&#8221; custom_padding=&#8221;10px||10px||true|false&#8221; header_2_font_size_tablet=&#8221;40px&#8221; header_2_font_size_phone=&#8221;35px&#8221; header_2_font_size_last_edited=&#8221;on|phone&#8221; header_3_font_size_tablet=&#8221;40px&#8221; header_3_font_size_phone=&#8221;36px&#8221; header_3_font_size_last_edited=&#8221;on|phone&#8221; global_colors_info=&#8221;{%22gcid-3c3581c1-f373-4686-aa51-f9f01c8ffd79%22:%91%22header_2_text_color%22,%22header_2_text_color%22,%22header_2_text_color%22,%22header_2_text_color%22%93}&#8221;]<\/p>\n<h3>Martes especiales<\/h3>\n<p>[\/et_pb_text][et_pb_text _builder_version=&#8221;4.27.4&#8243; _module_preset=&#8221;e57c6319-26f3-4258-a0db-38a5226c78c6&#8243; text_text_color=&#8221;gcid-75f8feef-8e89-48de-a593-3e169dc48f01&#8243; header_2_font=&#8221;Inter|200|||||||&#8221; header_2_text_color=&#8221;gcid-2671d2a9-5b0c-4751-b415-eea0a6ed176e&#8221; header_2_font_size=&#8221;24px&#8221; hover_enabled=&#8221;0&#8243; text_font_size_tablet=&#8221;&#8221; text_font_size_phone=&#8221;&#8221; text_font_size_last_edited=&#8221;on|phone&#8221; global_colors_info=&#8221;{%22gcid-75f8feef-8e89-48de-a593-3e169dc48f01%22:%91%22text_text_color%22%93,%22gcid-2671d2a9-5b0c-4751-b415-eea0a6ed176e%22:%91%22header_2_text_color%22%93}&#8221; sticky_enabled=&#8221;0&#8243;]<\/p>\n<p>Circuito + masaje relajante o facial de 30 minutos<\/p>\n<h2>$275.000<\/h2>\n<p><strong><s>$366.000<\/s><\/strong><\/p>\n<p>[\/et_pb_text][et_pb_button button_url=&#8221;https:\/\/wa.link\/joboxe&#8221; url_new_window=&#8221;on&#8221; button_text=&#8221;Ver m\u00e1s&#8221; _builder_version=&#8221;4.27.4&#8243; _module_preset=&#8221;2fc0eb3a-b17f-4677-a77f-8c42788063a0&#8243; button_text_color=&#8221;gcid-2671d2a9-5b0c-4751-b415-eea0a6ed176e&#8221; button_bg_color=&#8221;RGBA(255,255,255,0)&#8221; button_border_width=&#8221;2px&#8221; button_border_color=&#8221;gcid-2671d2a9-5b0c-4751-b415-eea0a6ed176e&#8221; custom_margin=&#8221;20px||||false|false&#8221; button_text_size_tablet=&#8221;12px&#8221; button_text_size_phone=&#8221;11px&#8221; button_text_size_last_edited=&#8221;on|tablet&#8221; box_shadow_style=&#8221;none&#8221; locked=&#8221;off&#8221; global_colors_info=&#8221;{%22gcid-33ba488a-a977-4fcb-9562-ca062f22498f%22:%91%22button_bg_color%22,%22button_bg_color%22,%22button_bg_color%22,%22button_bg_color%22%93,%22gcid-2671d2a9-5b0c-4751-b415-eea0a6ed176e%22:%91%22button_text_color%22,%22button_border_color%22,%22button_text_color%22,%22button_border_color%22%93}&#8221;][\/et_pb_button][\/et_pb_column][\/et_pb_row][et_pb_row column_structure=&#8221;1_2,1_2&#8243; _builder_version=&#8221;4.27.4&#8243; _module_preset=&#8221;default&#8221; global_colors_info=&#8221;{}&#8221;][et_pb_column type=&#8221;1_2&#8243; _builder_version=&#8221;4.23.2&#8243; _module_preset=&#8221;default&#8221; global_colors_info=&#8221;{}&#8221;][et_pb_image src=&#8221;https:\/\/arspa.com.co\/wp-content\/uploads\/2025\/08\/miercoles-saudable-2x.jpg&#8221; title_text=&#8221;miercoles-saudable-2x&#8221; force_fullwidth=&#8221;on&#8221; _builder_version=&#8221;4.27.4&#8243; _module_preset=&#8221;default&#8221; custom_margin=&#8221;||20px||false|false&#8221; global_colors_info=&#8221;{}&#8221;][\/et_pb_image][et_pb_text _builder_version=&#8221;4.27.4&#8243; _module_preset=&#8221;e34a7585-2e38-4264-9c2b-fc1aecfe3366&#8243; text_font=&#8221;Cormorant Garamond||||||||&#8221; header_2_font=&#8221;Cormorant Garamond|500|||||||&#8221; header_2_text_color=&#8221;gcid-3c3581c1-f373-4686-aa51-f9f01c8ffd79&#8243; header_2_font_size=&#8221;56px&#8221; header_2_line_height=&#8221;1.1em&#8221; header_3_font_size=&#8221;40px&#8221; custom_margin=&#8221;||10px||false|false&#8221; custom_padding=&#8221;10px||10px||true|false&#8221; header_2_font_size_tablet=&#8221;40px&#8221; header_2_font_size_phone=&#8221;35px&#8221; header_2_font_size_last_edited=&#8221;on|phone&#8221; header_3_font_size_tablet=&#8221;40px&#8221; header_3_font_size_phone=&#8221;36px&#8221; header_3_font_size_last_edited=&#8221;on|tablet&#8221; global_colors_info=&#8221;{%22gcid-3c3581c1-f373-4686-aa51-f9f01c8ffd79%22:%91%22header_2_text_color%22,%22header_2_text_color%22,%22header_2_text_color%22,%22header_2_text_color%22%93}&#8221;]<\/p>\n<h3>Mi\u00e9rcoles saludable<\/h3>\n<p>[\/et_pb_text][et_pb_text _builder_version=&#8221;4.27.4&#8243; _module_preset=&#8221;e57c6319-26f3-4258-a0db-38a5226c78c6&#8243; text_text_color=&#8221;gcid-75f8feef-8e89-48de-a593-3e169dc48f01&#8243; header_2_font=&#8221;Inter|200|||||||&#8221; header_2_text_color=&#8221;gcid-2671d2a9-5b0c-4751-b415-eea0a6ed176e&#8221; header_2_font_size=&#8221;24px&#8221; hover_enabled=&#8221;0&#8243; text_font_size_tablet=&#8221;&#8221; text_font_size_phone=&#8221;&#8221; text_font_size_last_edited=&#8221;on|phone&#8221; global_colors_info=&#8221;{%22gcid-75f8feef-8e89-48de-a593-3e169dc48f01%22:%91%22text_text_color%22%93,%22gcid-2671d2a9-5b0c-4751-b415-eea0a6ed176e%22:%91%22header_2_text_color%22%93}&#8221; sticky_enabled=&#8221;0&#8243;]<\/p>\n<p class=\"elementor-image-box-description\">Circuito + masaje relajante + budda bowl + bebida detox<\/p>\n<h2>$329.000<\/h2>\n<p><strong><s>$470.000<\/s><\/strong><\/p>\n<p>[\/et_pb_text][et_pb_button button_url=&#8221;https:\/\/wa.link\/dgcgn0&#8243; url_new_window=&#8221;on&#8221; button_text=&#8221;Ver m\u00e1s&#8221; _builder_version=&#8221;4.27.4&#8243; _module_preset=&#8221;2fc0eb3a-b17f-4677-a77f-8c42788063a0&#8243; button_text_color=&#8221;gcid-2671d2a9-5b0c-4751-b415-eea0a6ed176e&#8221; button_bg_color=&#8221;RGBA(255,255,255,0)&#8221; button_border_width=&#8221;2px&#8221; button_border_color=&#8221;gcid-2671d2a9-5b0c-4751-b415-eea0a6ed176e&#8221; custom_margin=&#8221;20px||||false|false&#8221; button_text_size_tablet=&#8221;12px&#8221; button_text_size_phone=&#8221;11px&#8221; button_text_size_last_edited=&#8221;on|tablet&#8221; box_shadow_style=&#8221;none&#8221; locked=&#8221;off&#8221; global_colors_info=&#8221;{%22gcid-33ba488a-a977-4fcb-9562-ca062f22498f%22:%91%22button_bg_color%22,%22button_bg_color%22,%22button_bg_color%22,%22button_bg_color%22%93,%22gcid-2671d2a9-5b0c-4751-b415-eea0a6ed176e%22:%91%22button_text_color%22,%22button_border_color%22,%22button_text_color%22,%22button_border_color%22%93}&#8221;][\/et_pb_button][\/et_pb_column][et_pb_column type=&#8221;1_2&#8243; _builder_version=&#8221;4.23.2&#8243; _module_preset=&#8221;default&#8221; global_colors_info=&#8221;{}&#8221;][et_pb_image src=&#8221;https:\/\/arspa.com.co\/wp-content\/uploads\/2025\/08\/shutterstock_419149927x.jpg&#8221; title_text=&#8221;shutterstock_419149927x&#8221; force_fullwidth=&#8221;on&#8221; _builder_version=&#8221;4.27.4&#8243; _module_preset=&#8221;default&#8221; custom_margin=&#8221;||20px||false|false&#8221; global_colors_info=&#8221;{}&#8221;][\/et_pb_image][et_pb_text _builder_version=&#8221;4.27.4&#8243; _module_preset=&#8221;e34a7585-2e38-4264-9c2b-fc1aecfe3366&#8243; text_font=&#8221;Cormorant Garamond||||||||&#8221; header_2_font=&#8221;Cormorant Garamond|500|||||||&#8221; header_2_text_color=&#8221;gcid-3c3581c1-f373-4686-aa51-f9f01c8ffd79&#8243; header_2_font_size=&#8221;56px&#8221; header_2_line_height=&#8221;1.1em&#8221; header_3_font_size=&#8221;40px&#8221; custom_margin=&#8221;||10px||false|false&#8221; custom_padding=&#8221;10px||10px||true|false&#8221; header_2_font_size_tablet=&#8221;40px&#8221; header_2_font_size_phone=&#8221;35px&#8221; header_2_font_size_last_edited=&#8221;on|phone&#8221; header_3_font_size_tablet=&#8221;40px&#8221; header_3_font_size_phone=&#8221;36px&#8221; header_3_font_size_last_edited=&#8221;on|phone&#8221; global_colors_info=&#8221;{%22gcid-3c3581c1-f373-4686-aa51-f9f01c8ffd79%22:%91%22header_2_text_color%22,%22header_2_text_color%22,%22header_2_text_color%22,%22header_2_text_color%22%93}&#8221;]<\/p>\n<h3>After office mi\u00e9rcoles y jueves<\/h3>\n<p>[\/et_pb_text][et_pb_text _builder_version=&#8221;4.27.4&#8243; _module_preset=&#8221;e57c6319-26f3-4258-a0db-38a5226c78c6&#8243; text_text_color=&#8221;gcid-75f8feef-8e89-48de-a593-3e169dc48f01&#8243; header_2_font=&#8221;Inter|200|||||||&#8221; header_2_text_color=&#8221;gcid-2671d2a9-5b0c-4751-b415-eea0a6ed176e&#8221; header_2_font_size=&#8221;24px&#8221; hover_enabled=&#8221;0&#8243; text_font_size_tablet=&#8221;&#8221; text_font_size_phone=&#8221;&#8221; text_font_size_last_edited=&#8221;on|phone&#8221; global_colors_info=&#8221;{%22gcid-75f8feef-8e89-48de-a593-3e169dc48f01%22:%91%22text_text_color%22%93,%22gcid-2671d2a9-5b0c-4751-b415-eea0a6ed176e%22:%91%22header_2_text_color%22%93}&#8221; sticky_enabled=&#8221;0&#8243;]<\/p>\n<p class=\"elementor-image-box-description\">Bebida de bienvenida, Masaje relajante de 30 min, turco (Valor por persona)<\/p>\n<h2>$180.000<\/h2>\n<p><strong><s>$212.000<\/s><\/strong><\/p>\n<p>[\/et_pb_text][et_pb_button button_url=&#8221;https:\/\/wa.link\/fg9lan&#8221; url_new_window=&#8221;on&#8221; button_text=&#8221;Ver m\u00e1s&#8221; _builder_version=&#8221;4.27.4&#8243; _module_preset=&#8221;2fc0eb3a-b17f-4677-a77f-8c42788063a0&#8243; button_text_color=&#8221;gcid-2671d2a9-5b0c-4751-b415-eea0a6ed176e&#8221; button_bg_color=&#8221;RGBA(255,255,255,0)&#8221; button_border_width=&#8221;2px&#8221; button_border_color=&#8221;gcid-2671d2a9-5b0c-4751-b415-eea0a6ed176e&#8221; custom_margin=&#8221;20px||||false|false&#8221; button_text_size_tablet=&#8221;12px&#8221; button_text_size_phone=&#8221;11px&#8221; button_text_size_last_edited=&#8221;on|tablet&#8221; box_shadow_style=&#8221;none&#8221; locked=&#8221;off&#8221; global_colors_info=&#8221;{%22gcid-33ba488a-a977-4fcb-9562-ca062f22498f%22:%91%22button_bg_color%22,%22button_bg_color%22,%22button_bg_color%22,%22button_bg_color%22%93,%22gcid-2671d2a9-5b0c-4751-b415-eea0a6ed176e%22:%91%22button_text_color%22,%22button_border_color%22,%22button_text_color%22,%22button_border_color%22%93}&#8221;][\/et_pb_button][\/et_pb_column][\/et_pb_row][et_pb_row column_structure=&#8221;1_2,1_2&#8243; _builder_version=&#8221;4.27.4&#8243; _module_preset=&#8221;default&#8221; global_colors_info=&#8221;{}&#8221;][et_pb_column type=&#8221;1_2&#8243; _builder_version=&#8221;4.23.2&#8243; _module_preset=&#8221;default&#8221; global_colors_info=&#8221;{}&#8221;][et_pb_image src=&#8221;https:\/\/arspa.com.co\/wp-content\/uploads\/2025\/08\/df090fc8b864ed52d1890395ddf5fb96x.jpg&#8221; title_text=&#8221;df090fc8b864ed52d1890395ddf5fb96x&#8221; force_fullwidth=&#8221;on&#8221; _builder_version=&#8221;4.27.4&#8243; _module_preset=&#8221;default&#8221; custom_margin=&#8221;||20px||false|false&#8221; global_colors_info=&#8221;{}&#8221;][\/et_pb_image][et_pb_text _builder_version=&#8221;4.27.4&#8243; _module_preset=&#8221;e34a7585-2e38-4264-9c2b-fc1aecfe3366&#8243; text_font=&#8221;Cormorant Garamond||||||||&#8221; header_2_font=&#8221;Cormorant Garamond|500|||||||&#8221; header_2_text_color=&#8221;gcid-3c3581c1-f373-4686-aa51-f9f01c8ffd79&#8243; header_2_font_size=&#8221;56px&#8221; header_2_line_height=&#8221;1.1em&#8221; header_3_font_size=&#8221;40px&#8221; custom_margin=&#8221;||10px||false|false&#8221; custom_padding=&#8221;10px||10px||true|false&#8221; header_2_font_size_tablet=&#8221;40px&#8221; header_2_font_size_phone=&#8221;35px&#8221; header_2_font_size_last_edited=&#8221;on|phone&#8221; header_3_font_size_tablet=&#8221;40px&#8221; header_3_font_size_phone=&#8221;36px&#8221; header_3_font_size_last_edited=&#8221;on|tablet&#8221; global_colors_info=&#8221;{%22gcid-3c3581c1-f373-4686-aa51-f9f01c8ffd79%22:%91%22header_2_text_color%22,%22header_2_text_color%22,%22header_2_text_color%22,%22header_2_text_color%22%93}&#8221;]<\/p>\n<h3>Ma\u00f1anas AR<\/h3>\n<p>[\/et_pb_text][et_pb_text _builder_version=&#8221;4.27.4&#8243; _module_preset=&#8221;e57c6319-26f3-4258-a0db-38a5226c78c6&#8243; text_text_color=&#8221;gcid-75f8feef-8e89-48de-a593-3e169dc48f01&#8243; header_2_font=&#8221;Inter|200|||||||&#8221; header_2_text_color=&#8221;gcid-2671d2a9-5b0c-4751-b415-eea0a6ed176e&#8221; header_2_font_size=&#8221;24px&#8221; hover_enabled=&#8221;0&#8243; text_font_size_tablet=&#8221;&#8221; text_font_size_phone=&#8221;&#8221; text_font_size_last_edited=&#8221;on|phone&#8221; global_colors_info=&#8221;{%22gcid-75f8feef-8e89-48de-a593-3e169dc48f01%22:%91%22text_text_color%22%93,%22gcid-2671d2a9-5b0c-4751-b415-eea0a6ed176e%22:%91%22header_2_text_color%22%93}&#8221; sticky_enabled=&#8221;0&#8243;]<\/p>\n<p>Elije entre los siguientes masajes: Revitalizante o en Aceites Tibios.<\/p>\n<h2>$173.400<\/h2>\n<p><strong><s>$289.000<\/s><\/strong><\/p>\n<p>[\/et_pb_text][et_pb_button button_url=&#8221;https:\/\/wa.link\/nkqj1m&#8221; url_new_window=&#8221;on&#8221; button_text=&#8221;Ver m\u00e1s&#8221; _builder_version=&#8221;4.27.4&#8243; _module_preset=&#8221;2fc0eb3a-b17f-4677-a77f-8c42788063a0&#8243; button_text_color=&#8221;gcid-2671d2a9-5b0c-4751-b415-eea0a6ed176e&#8221; button_bg_color=&#8221;RGBA(255,255,255,0)&#8221; button_border_width=&#8221;2px&#8221; button_border_color=&#8221;gcid-2671d2a9-5b0c-4751-b415-eea0a6ed176e&#8221; custom_margin=&#8221;20px||||false|false&#8221; button_text_size_tablet=&#8221;12px&#8221; button_text_size_phone=&#8221;11px&#8221; button_text_size_last_edited=&#8221;on|tablet&#8221; box_shadow_style=&#8221;none&#8221; locked=&#8221;off&#8221; global_colors_info=&#8221;{%22gcid-33ba488a-a977-4fcb-9562-ca062f22498f%22:%91%22button_bg_color%22,%22button_bg_color%22,%22button_bg_color%22,%22button_bg_color%22%93,%22gcid-2671d2a9-5b0c-4751-b415-eea0a6ed176e%22:%91%22button_text_color%22,%22button_border_color%22,%22button_text_color%22,%22button_border_color%22%93}&#8221;][\/et_pb_button][\/et_pb_column][et_pb_column type=&#8221;1_2&#8243; disabled_on=&#8221;on|on|on&#8221; _builder_version=&#8221;4.27.4&#8243; _module_preset=&#8221;default&#8221; disabled=&#8221;on&#8221; global_colors_info=&#8221;{}&#8221;][et_pb_image src=&#8221;https:\/\/arspa.com.co\/wp-content\/uploads\/2025\/08\/shutterstock_171623279-scaledx.jpg&#8221; title_text=&#8221;shutterstock_171623279-scaledx&#8221; force_fullwidth=&#8221;on&#8221; _builder_version=&#8221;4.27.4&#8243; _module_preset=&#8221;default&#8221; custom_margin=&#8221;||20px||false|false&#8221; global_colors_info=&#8221;{}&#8221;][\/et_pb_image][et_pb_text _builder_version=&#8221;4.27.4&#8243; _module_preset=&#8221;e34a7585-2e38-4264-9c2b-fc1aecfe3366&#8243; text_font=&#8221;Cormorant Garamond||||||||&#8221; header_2_font=&#8221;Cormorant Garamond|500|||||||&#8221; header_2_text_color=&#8221;gcid-3c3581c1-f373-4686-aa51-f9f01c8ffd79&#8243; header_2_font_size=&#8221;56px&#8221; header_2_line_height=&#8221;1.1em&#8221; header_3_font_size=&#8221;44px&#8221; custom_margin=&#8221;||10px||false|false&#8221; custom_padding=&#8221;10px||10px||true|false&#8221; header_2_font_size_tablet=&#8221;40px&#8221; header_2_font_size_phone=&#8221;35px&#8221; header_2_font_size_last_edited=&#8221;on|phone&#8221; header_3_font_size_tablet=&#8221;40px&#8221; header_3_font_size_phone=&#8221;36px&#8221; header_3_font_size_last_edited=&#8221;on|phone&#8221; global_colors_info=&#8221;{%22gcid-3c3581c1-f373-4686-aa51-f9f01c8ffd79%22:%91%22header_2_text_color%22,%22header_2_text_color%22,%22header_2_text_color%22,%22header_2_text_color%22%93}&#8221;]<\/p>\n<h3>Martes especiales<\/h3>\n<p>[\/et_pb_text][et_pb_text _builder_version=&#8221;4.27.4&#8243; _module_preset=&#8221;e57c6319-26f3-4258-a0db-38a5226c78c6&#8243; text_text_color=&#8221;gcid-75f8feef-8e89-48de-a593-3e169dc48f01&#8243; header_2_font=&#8221;Inter|200|||||||&#8221; header_2_text_color=&#8221;gcid-2671d2a9-5b0c-4751-b415-eea0a6ed176e&#8221; header_2_font_size=&#8221;24px&#8221; text_font_size_tablet=&#8221;&#8221; text_font_size_phone=&#8221;&#8221; text_font_size_last_edited=&#8221;on|phone&#8221; global_colors_info=&#8221;{%22gcid-75f8feef-8e89-48de-a593-3e169dc48f01%22:%91%22text_text_color%22%93,%22gcid-2671d2a9-5b0c-4751-b415-eea0a6ed176e%22:%91%22header_2_text_color%22%93}&#8221;]<\/p>\n<p>Circuito + masaje relajante o facial de 30 minutos<\/p>\n<h2>$106.450<\/h2>\n<p><strong><s>$212.900<\/s><\/strong><\/p>\n<p>[\/et_pb_text][\/et_pb_column][\/et_pb_row][\/et_pb_section]<\/p>\n","protected":false},"excerpt":{"rendered":"<p>Lunes circuito h\u00eddrico 50% offDisfruta nuestro circuito h\u00eddrico los lunes no festivos un 50% off. La promoci\u00f3n aplica \u00fanicamente para reservas telef\u00f3nicas y WhatsApp. $114.950 $229.900Martes especialesCircuito + masaje relajante o facial de 30 minutos $275.000 $366.000Mi\u00e9rcoles saludableCircuito + masaje relajante + budda bowl + bebida detox $329.000 $470.000After office mi\u00e9rcoles y juevesBebida de bienvenida, [&hellip;]<\/p>\n","protected":false},"author":2,"featured_media":293,"parent":0,"menu_order":0,"comment_status":"closed","ping_status":"closed","template":"","meta":{"_et_pb_use_builder":"on","_et_pb_old_content":"","_et_gb_content_width":"","_joinchat":[],"footnotes":""},"class_list":["post-27","page","type-page","status-publish","has-post-thumbnail","hentry"],"jetpack_sharing_enabled":true,"_links":{"self":[{"href":"https:\/\/www.arspa.com.co\/en\/wp-json\/wp\/v2\/pages\/27","targetHints":{"allow":["GET"]}}],"collection":[{"href":"https:\/\/www.arspa.com.co\/en\/wp-json\/wp\/v2\/pages"}],"about":[{"href":"https:\/\/www.arspa.com.co\/en\/wp-json\/wp\/v2\/types\/page"}],"author":[{"embeddable":true,"href":"https:\/\/www.arspa.com.co\/en\/wp-json\/wp\/v2\/users\/2"}],"replies":[{"embeddable":true,"href":"https:\/\/www.arspa.com.co\/en\/wp-json\/wp\/v2\/comments?post=27"}],"version-history":[{"count":11,"href":"https:\/\/www.arspa.com.co\/en\/wp-json\/wp\/v2\/pages\/27\/revisions"}],"predecessor-version":[{"id":1035,"href":"https:\/\/www.arspa.com.co\/en\/wp-json\/wp\/v2\/pages\/27\/revisions\/1035"}],"wp:featuredmedia":[{"embeddable":true,"href":"https:\/\/www.arspa.com.co\/en\/wp-json\/wp\/v2\/media\/293"}],"wp:attachment":[{"href":"https:\/\/www.arspa.com.co\/en\/wp-json\/wp\/v2\/media?parent=27"}],"curies":[{"name":"wp","href":"https:\/\/api.w.org\/{rel}","templated":true}]}}