{"id":224,"date":"2025-08-13T18:17:34","date_gmt":"2025-08-13T16:17:34","guid":{"rendered":"https:\/\/arspa.com.co\/?post_type=product&#038;p=224"},"modified":"2026-01-06T16:20:20","modified_gmt":"2026-01-06T21:20:20","slug":"terapia-de-hielo","status":"publish","type":"product","link":"https:\/\/www.arspa.com.co\/en\/product\/terapia-de-hielo\/","title":{"rendered":"Ice Therapy"},"content":{"rendered":"<p>La Terapia de Hielo en AR Spa es un tratamiento de recuperaci\u00f3n profunda que combina un masaje deportivo de 50 minutos con una inmersi\u00f3n en Cryoterapia Spa Jacuzzi (tina de hielo), ideal para aliviar dolores musculares, reducir el cansancio f\u00edsico y aumentar los niveles de energ\u00eda.<\/p>","protected":false},"excerpt":{"rendered":"<p>La Terapia de Hielo en AR Spa es un tratamiento de recuperaci\u00f3n profunda que combina un masaje deportivo de 50 minutos con una inmersi\u00f3n en Cryoterapia Spa Jacuzzi (tina de hielo), ideal para aliviar dolores musculares, reducir el cansancio f\u00edsico y aumentar los niveles de energ\u00eda.<\/p>\n<p><strong>Total Duration:<\/strong> 70min<\/p>","protected":false},"featured_media":225,"comment_status":"open","ping_status":"closed","template":"","meta":{"_et_pb_use_builder":"","_et_pb_old_content":"","_et_gb_content_width":"","_joinchat":[]},"product_brand":[],"product_cat":[19],"product_tag":[],"class_list":{"0":"post-224","1":"product","2":"type-product","3":"status-publish","4":"has-post-thumbnail","6":"product_cat-circuitos","8":"first","9":"instock","10":"taxable","11":"shipping-taxable","12":"purchasable","13":"product-type-simple"},"jetpack_sharing_enabled":true,"_links":{"self":[{"href":"https:\/\/www.arspa.com.co\/en\/wp-json\/wp\/v2\/product\/224","targetHints":{"allow":["GET"]}}],"collection":[{"href":"https:\/\/www.arspa.com.co\/en\/wp-json\/wp\/v2\/product"}],"about":[{"href":"https:\/\/www.arspa.com.co\/en\/wp-json\/wp\/v2\/types\/product"}],"replies":[{"embeddable":true,"href":"https:\/\/www.arspa.com.co\/en\/wp-json\/wp\/v2\/comments?post=224"}],"wp:featuredmedia":[{"embeddable":true,"href":"https:\/\/www.arspa.com.co\/en\/wp-json\/wp\/v2\/media\/225"}],"wp:attachment":[{"href":"https:\/\/www.arspa.com.co\/en\/wp-json\/wp\/v2\/media?parent=224"}],"wp:term":[{"taxonomy":"product_brand","embeddable":true,"href":"https:\/\/www.arspa.com.co\/en\/wp-json\/wp\/v2\/product_brand?post=224"},{"taxonomy":"product_cat","embeddable":true,"href":"https:\/\/www.arspa.com.co\/en\/wp-json\/wp\/v2\/product_cat?post=224"},{"taxonomy":"product_tag","embeddable":true,"href":"https:\/\/www.arspa.com.co\/en\/wp-json\/wp\/v2\/product_tag?post=224"}],"curies":[{"name":"wp","href":"https:\/\/api.w.org\/{rel}","templated":true}]}}