{"id":333,"date":"2025-08-15T18:17:32","date_gmt":"2025-08-15T16:17:32","guid":{"rendered":"https:\/\/arspa.com.co\/?post_type=product&#038;p=333"},"modified":"2026-01-06T15:59:01","modified_gmt":"2026-01-06T20:59:01","slug":"facial-de-vitamina-c","status":"publish","type":"product","link":"https:\/\/www.arspa.com.co\/en\/product\/facial-de-vitamina-c\/","title":{"rendered":"Vitamin C Facial"},"content":{"rendered":"<div class=\"ewa-rteLine\">\n<div class=\"ewa-rteLine\">\n<div class=\"ewa-rteLine\">The combination of a high concentration of Vitamin C makes this mask a high-impact product, offering an excellent option to reduce fine lines, brighten the skin and restore a youthful appearance.<\/div>\n<\/div>\n<\/div>","protected":false},"excerpt":{"rendered":"<div class=\"ewa-rteLine\">\n<div class=\"ewa-rteLine\">\n<div class=\"ewa-rteLine\">Brightens the skin and reduces expression lines with a high concentration of Vitamin C.<\/div>\n<\/div>\n<\/div>\n<p><strong>Total Duration:<\/strong> 60 min<\/p>","protected":false},"featured_media":342,"comment_status":"open","ping_status":"closed","template":"","meta":{"_et_pb_use_builder":"on","_et_pb_old_content":"<div class=\"ewa-rteLine\">\r\n<div class=\"ewa-rteLine\">\r\n<div class=\"ewa-rteLine\">La combinaci\u00f3n de una alta concentraci\u00f3n de Vitamina C hace de esta mascarilla un producto de gran impacto, ofreciendo una excelente opci\u00f3n para reducir l\u00edneas de expresi\u00f3n, aclarar la piel y restablecer la apariencia juvenil.<\/div>\r\n<\/div>\r\n<\/div>","_et_gb_content_width":"","_joinchat":[]},"product_brand":[],"product_cat":[22,31],"product_tag":[],"class_list":{"0":"post-333","1":"product","2":"type-product","3":"status-publish","4":"has-post-thumbnail","6":"product_cat-facial","7":"product_cat-faciales","9":"first","10":"instock","11":"taxable","12":"shipping-taxable","13":"purchasable","14":"product-type-simple"},"jetpack_sharing_enabled":true,"_links":{"self":[{"href":"https:\/\/www.arspa.com.co\/en\/wp-json\/wp\/v2\/product\/333","targetHints":{"allow":["GET"]}}],"collection":[{"href":"https:\/\/www.arspa.com.co\/en\/wp-json\/wp\/v2\/product"}],"about":[{"href":"https:\/\/www.arspa.com.co\/en\/wp-json\/wp\/v2\/types\/product"}],"replies":[{"embeddable":true,"href":"https:\/\/www.arspa.com.co\/en\/wp-json\/wp\/v2\/comments?post=333"}],"wp:featuredmedia":[{"embeddable":true,"href":"https:\/\/www.arspa.com.co\/en\/wp-json\/wp\/v2\/media\/342"}],"wp:attachment":[{"href":"https:\/\/www.arspa.com.co\/en\/wp-json\/wp\/v2\/media?parent=333"}],"wp:term":[{"taxonomy":"product_brand","embeddable":true,"href":"https:\/\/www.arspa.com.co\/en\/wp-json\/wp\/v2\/product_brand?post=333"},{"taxonomy":"product_cat","embeddable":true,"href":"https:\/\/www.arspa.com.co\/en\/wp-json\/wp\/v2\/product_cat?post=333"},{"taxonomy":"product_tag","embeddable":true,"href":"https:\/\/www.arspa.com.co\/en\/wp-json\/wp\/v2\/product_tag?post=333"}],"curies":[{"name":"wp","href":"https:\/\/api.w.org\/{rel}","templated":true}]}}