{"id":334,"date":"2025-08-15T18:20:01","date_gmt":"2025-08-15T16:20:01","guid":{"rendered":"https:\/\/arspa.com.co\/?post_type=product&#038;p=334"},"modified":"2026-01-06T16:54:23","modified_gmt":"2026-01-06T21:54:23","slug":"facial-hydra-cloud","status":"publish","type":"product","link":"https:\/\/www.arspa.com.co\/en\/product\/facial-hydra-cloud\/","title":{"rendered":"Facial Hydra-Cloud"},"content":{"rendered":"<div class=\"ewa-rteLine\">\n<div class=\"ewa-rteLine\">\n<div class=\"ewa-rteLine\">\n<div class=\"ewa-rteLine\">Hipoalerg\u00e9nico, contiene acido hialur\u00f3nico. Recomendado para pieles sensibles, deshidratadas y pieles con ros\u00e1cea.<\/div>\n<\/div>\n<\/div>\n<\/div>","protected":false},"excerpt":{"rendered":"<div class=\"ewa-rteLine\">\n<div class=\"ewa-rteLine\">\n<div class=\"ewa-rteLine\">\n<div class=\"ewa-rteLine\">Hidrata profundamente, combate los radicales libres, reduce l\u00edneas finas de expresi\u00f3n.<\/div>\n<\/div>\n<\/div>\n<\/div>\n<p><strong>Total Duration:<\/strong> 60 min<\/p>","protected":false},"featured_media":343,"comment_status":"open","ping_status":"closed","template":"","meta":{"_et_pb_use_builder":"on","_et_pb_old_content":"<div class=\"ewa-rteLine\">\r\n<div class=\"ewa-rteLine\">\r\n<div class=\"ewa-rteLine\">\r\n<div class=\"ewa-rteLine\">Hipoalerg\u00e9nico, contiene acido hialur\u00f3nico. Recomendado para pieles sensibles, deshidratadas y pieles con ros\u00e1cea.<\/div>\r\n<\/div>\r\n<\/div>\r\n<\/div>","_et_gb_content_width":"","_joinchat":[]},"product_brand":[],"product_cat":[22,31],"product_tag":[],"class_list":{"0":"post-334","1":"product","2":"type-product","3":"status-publish","4":"has-post-thumbnail","6":"product_cat-facial","7":"product_cat-faciales","9":"first","10":"instock","11":"taxable","12":"shipping-taxable","13":"purchasable","14":"product-type-simple"},"jetpack_sharing_enabled":true,"_links":{"self":[{"href":"https:\/\/www.arspa.com.co\/en\/wp-json\/wp\/v2\/product\/334","targetHints":{"allow":["GET"]}}],"collection":[{"href":"https:\/\/www.arspa.com.co\/en\/wp-json\/wp\/v2\/product"}],"about":[{"href":"https:\/\/www.arspa.com.co\/en\/wp-json\/wp\/v2\/types\/product"}],"replies":[{"embeddable":true,"href":"https:\/\/www.arspa.com.co\/en\/wp-json\/wp\/v2\/comments?post=334"}],"wp:featuredmedia":[{"embeddable":true,"href":"https:\/\/www.arspa.com.co\/en\/wp-json\/wp\/v2\/media\/343"}],"wp:attachment":[{"href":"https:\/\/www.arspa.com.co\/en\/wp-json\/wp\/v2\/media?parent=334"}],"wp:term":[{"taxonomy":"product_brand","embeddable":true,"href":"https:\/\/www.arspa.com.co\/en\/wp-json\/wp\/v2\/product_brand?post=334"},{"taxonomy":"product_cat","embeddable":true,"href":"https:\/\/www.arspa.com.co\/en\/wp-json\/wp\/v2\/product_cat?post=334"},{"taxonomy":"product_tag","embeddable":true,"href":"https:\/\/www.arspa.com.co\/en\/wp-json\/wp\/v2\/product_tag?post=334"}],"curies":[{"name":"wp","href":"https:\/\/api.w.org\/{rel}","templated":true}]}}