{"id":391,"date":"2025-08-15T19:29:03","date_gmt":"2025-08-15T17:29:03","guid":{"rendered":"https:\/\/arspa.com.co\/?post_type=product&#038;p=391"},"modified":"2026-03-17T08:20:48","modified_gmt":"2026-03-17T13:20:48","slug":"plan-ar-mama","status":"publish","type":"product","link":"https:\/\/www.arspa.com.co\/en\/product\/plan-ar-mama\/","title":{"rendered":"Mom\u00b4s Plan"},"content":{"rendered":"<div class=\"ewa-rteLine\">\n<div class=\"ewa-rteLine\"><strong>Includes:<\/strong><\/div>\n<div class=\"ewa-rteLine\">Circuito h\u00eddrico | Masaje corporal con aceites esenciales | Masaje facial con mascarilla en velo de col\u00e1geno | Fresas Achocolatadas | Infusi\u00f3n de frutas.<\/div>\n<div class=\"ewa-rteLine\">10% de descuento para dos personas.<\/div>\n<\/div>","protected":false},"excerpt":{"rendered":"<div class=\"ewa-rteLine\">\n<div class=\"ewa-rteLine\">\n<div class=\"ewa-rteLine\">Una experiencia dise\u00f1ada para consentir, honrar y renovar el cuerpo y el alma. 10% de descuento para dos personas.<\/div>\n<\/div>\n<div><strong><br \/>\nTotal Duration:<\/strong> 160 min<\/div>\n<\/div>","protected":false},"featured_media":361,"comment_status":"open","ping_status":"closed","template":"","meta":{"_et_pb_use_builder":"","_et_pb_old_content":"","_et_gb_content_width":"","_joinchat":[]},"product_brand":[],"product_cat":[25,27,29,28,32,26],"product_tag":[],"class_list":{"0":"post-391","1":"product","2":"type-product","3":"status-publish","4":"has-post-thumbnail","6":"product_cat-celebraciones","7":"product_cat-circuito-hidrico","8":"product_cat-comida","9":"product_cat-familia","10":"product_cat-paquetes","11":"product_cat-planes","13":"first","14":"instock","15":"taxable","16":"shipping-taxable","17":"purchasable","18":"product-type-variable"},"jetpack_sharing_enabled":true,"_links":{"self":[{"href":"https:\/\/www.arspa.com.co\/en\/wp-json\/wp\/v2\/product\/391","targetHints":{"allow":["GET"]}}],"collection":[{"href":"https:\/\/www.arspa.com.co\/en\/wp-json\/wp\/v2\/product"}],"about":[{"href":"https:\/\/www.arspa.com.co\/en\/wp-json\/wp\/v2\/types\/product"}],"replies":[{"embeddable":true,"href":"https:\/\/www.arspa.com.co\/en\/wp-json\/wp\/v2\/comments?post=391"}],"wp:featuredmedia":[{"embeddable":true,"href":"https:\/\/www.arspa.com.co\/en\/wp-json\/wp\/v2\/media\/361"}],"wp:attachment":[{"href":"https:\/\/www.arspa.com.co\/en\/wp-json\/wp\/v2\/media?parent=391"}],"wp:term":[{"taxonomy":"product_brand","embeddable":true,"href":"https:\/\/www.arspa.com.co\/en\/wp-json\/wp\/v2\/product_brand?post=391"},{"taxonomy":"product_cat","embeddable":true,"href":"https:\/\/www.arspa.com.co\/en\/wp-json\/wp\/v2\/product_cat?post=391"},{"taxonomy":"product_tag","embeddable":true,"href":"https:\/\/www.arspa.com.co\/en\/wp-json\/wp\/v2\/product_tag?post=391"}],"curies":[{"name":"wp","href":"https:\/\/api.w.org\/{rel}","templated":true}]}}