{"id":414,"date":"2025-08-15T20:18:28","date_gmt":"2025-08-15T18:18:28","guid":{"rendered":"https:\/\/arspa.com.co\/?post_type=product&#038;p=414"},"modified":"2026-03-17T08:14:37","modified_gmt":"2026-03-17T13:14:37","slug":"plan-familia","status":"publish","type":"product","link":"https:\/\/www.arspa.com.co\/en\/product\/plan-familia\/","title":{"rendered":"Family Plan"},"content":{"rendered":"<div class=\"ewa-rteLine\">\n<div class=\"ewa-rteLine\">\n<div class=\"ewa-rteLine\">\n<div class=\"ewa-rteLine\">\n<div class=\"ewa-rteLine\">\n<div class=\"ewa-rteLine\">\n<div class=\"ewa-rteLine\">\n<div class=\"ewa-rteLine\">\n<div class=\"ewa-rteLine\">\n<div class=\"ewa-rteLine\"><strong>Includes:<\/strong><\/div>\n<div class=\"ewa-rteLine\">Circuito H\u00eddrico | Masaje de relajaci\u00f3n | Hidrataci\u00f3n facial | Postre o copa de helado.<\/div>\n<\/div>\n<\/div>\n<\/div>\n<\/div>\n<\/div>\n<\/div>\n<\/div>\n<\/div>\n<\/div>","protected":false},"excerpt":{"rendered":"<div class=\"ewa-rteLine\">\n<div class=\"ewa-rteLine\">\n<div class=\"ewa-rteLine\">\n<div class=\"ewa-rteLine\">\n<div class=\"ewa-rteLine\">\n<div class=\"ewa-rteLine\">\n<div class=\"ewa-rteLine\">\n<div class=\"ewa-rteLine\">\n<div class=\"ewa-rteLine\">\n<div class=\"ewa-rteLine\">Combina relajaci\u00f3n, conexi\u00f3n y experiencias, ideal para parejas con hijos, padres e hijos adultos o grupos familiares que buscan bienestar en un ambiente exclusivo.<\/div>\n<\/div>\n<p><strong>Total Duration:<\/strong> 150 min<\/p>\n<\/div>\n<\/div>\n<\/div>\n<\/div>\n<\/div>\n<\/div>\n<\/div>\n<\/div>","protected":false},"featured_media":367,"comment_status":"open","ping_status":"closed","template":"","meta":{"_et_pb_use_builder":"","_et_pb_old_content":"","_et_gb_content_width":"","_joinchat":[]},"product_brand":[],"product_cat":[27,29,28,32,26],"product_tag":[],"class_list":{"0":"post-414","1":"product","2":"type-product","3":"status-publish","4":"has-post-thumbnail","6":"product_cat-circuito-hidrico","7":"product_cat-comida","8":"product_cat-familia","9":"product_cat-paquetes","10":"product_cat-planes","12":"first","13":"instock","14":"taxable","15":"shipping-taxable","16":"purchasable","17":"product-type-simple"},"jetpack_sharing_enabled":true,"_links":{"self":[{"href":"https:\/\/www.arspa.com.co\/en\/wp-json\/wp\/v2\/product\/414","targetHints":{"allow":["GET"]}}],"collection":[{"href":"https:\/\/www.arspa.com.co\/en\/wp-json\/wp\/v2\/product"}],"about":[{"href":"https:\/\/www.arspa.com.co\/en\/wp-json\/wp\/v2\/types\/product"}],"replies":[{"embeddable":true,"href":"https:\/\/www.arspa.com.co\/en\/wp-json\/wp\/v2\/comments?post=414"}],"wp:featuredmedia":[{"embeddable":true,"href":"https:\/\/www.arspa.com.co\/en\/wp-json\/wp\/v2\/media\/367"}],"wp:attachment":[{"href":"https:\/\/www.arspa.com.co\/en\/wp-json\/wp\/v2\/media?parent=414"}],"wp:term":[{"taxonomy":"product_brand","embeddable":true,"href":"https:\/\/www.arspa.com.co\/en\/wp-json\/wp\/v2\/product_brand?post=414"},{"taxonomy":"product_cat","embeddable":true,"href":"https:\/\/www.arspa.com.co\/en\/wp-json\/wp\/v2\/product_cat?post=414"},{"taxonomy":"product_tag","embeddable":true,"href":"https:\/\/www.arspa.com.co\/en\/wp-json\/wp\/v2\/product_tag?post=414"}],"curies":[{"name":"wp","href":"https:\/\/api.w.org\/{rel}","templated":true}]}}